{"id":1655,"date":"2024-03-22T18:12:18","date_gmt":"2024-03-22T17:12:18","guid":{"rendered":"https:\/\/www.intelligo.it\/?page_id=1655"},"modified":"2024-06-11T12:11:00","modified_gmt":"2024-06-11T10:11:00","slug":"puglia-woman-ai","status":"publish","type":"page","link":"https:\/\/www.intelligo.it\/en\/puglia-woman-ai\/","title":{"rendered":"Puglia Woman AI"},"content":{"rendered":"<div data-elementor-type=\"wp-page\" data-elementor-id=\"1655\" class=\"elementor elementor-1655\" data-elementor-post-type=\"page\">\n\t\t\t\t<div class=\"elementor-element elementor-element-a00a0fe e-flex e-con-boxed wpr-particle-no wpr-jarallax-no wpr-parallax-no wpr-sticky-section-no e-con e-parent\" data-id=\"a00a0fe\" data-element_type=\"container\" data-e-type=\"container\">\n\t\t\t\t\t<div class=\"e-con-inner\">\n\t\t\t\t<div class=\"elementor-element elementor-element-dc39574 elementor-widget elementor-widget-heading\" data-id=\"dc39574\" data-element_type=\"widget\" data-e-type=\"widget\" data-widget_type=\"heading.default\">\n\t\t\t\t<div class=\"elementor-widget-container\">\n\t\t\t\t\t<h2 class=\"elementor-heading-title elementor-size-default\">Puglia Woman AI\n<\/h2>\t\t\t\t<\/div>\n\t\t\t\t<\/div>\n\t\t\t\t\t<\/div>\n\t\t\t\t<\/div>\n\t\t<div class=\"elementor-element elementor-element-2816445 e-flex e-con-boxed wpr-particle-no wpr-jarallax-no wpr-parallax-no wpr-sticky-section-no e-con e-parent\" data-id=\"2816445\" data-element_type=\"container\" data-e-type=\"container\">\n\t\t\t\t\t<div class=\"e-con-inner\">\n\t\t\t\t<div class=\"elementor-element elementor-element-b69a502 elementor-widget elementor-widget-image\" data-id=\"b69a502\" data-element_type=\"widget\" data-e-type=\"widget\" data-widget_type=\"image.default\">\n\t\t\t\t<div class=\"elementor-widget-container\">\n\t\t\t\t\t\t\t\t\t\t\t\t\t\t\t<img fetchpriority=\"high\" decoding=\"async\" width=\"1517\" height=\"852\" src=\"https:\/\/www.intelligo.it\/wp-content\/uploads\/2024\/03\/Puglia-AI-day.png\" class=\"attachment-full size-full wp-image-1698\" alt=\"Puglia AI day\" srcset=\"https:\/\/www.intelligo.it\/wp-content\/uploads\/2024\/03\/Puglia-AI-day.png 1517w, https:\/\/www.intelligo.it\/wp-content\/uploads\/2024\/03\/Puglia-AI-day-300x168.png 300w, https:\/\/www.intelligo.it\/wp-content\/uploads\/2024\/03\/Puglia-AI-day-1024x575.png 1024w, https:\/\/www.intelligo.it\/wp-content\/uploads\/2024\/03\/Puglia-AI-day-768x431.png 768w, https:\/\/www.intelligo.it\/wp-content\/uploads\/2024\/03\/Puglia-AI-day-18x10.png 18w\" sizes=\"(max-width: 1517px) 100vw, 1517px\" \/>\t\t\t\t\t\t\t\t\t\t\t\t\t\t\t<\/div>\n\t\t\t\t<\/div>\n\t\t\t\t\t<\/div>\n\t\t\t\t<\/div>\n\t\t<div class=\"elementor-element elementor-element-a3a8b88 e-flex e-con-boxed wpr-particle-no wpr-jarallax-no wpr-parallax-no wpr-sticky-section-no e-con e-parent\" data-id=\"a3a8b88\" data-element_type=\"container\" data-e-type=\"container\">\n\t\t\t\t\t<div class=\"e-con-inner\">\n\t\t\t\t<div class=\"elementor-element elementor-element-ac227af elementor-widget elementor-widget-text-editor\" data-id=\"ac227af\" data-element_type=\"widget\" data-e-type=\"widget\" data-widget_type=\"text-editor.default\">\n\t\t\t\t<div class=\"elementor-widget-container\">\n\t\t\t\t\t\t\t\t\t<h2>intelligo sar\u00e0 Gold Partner dell\u2019evento Puglia Women AI, il primo bootcamp al femminile dedicato all\u2019intelligenza artificiale<\/h2><p><strong>Bari, 22-24 Marzo 2024<\/strong> &#8211; intelligo \u00e8 orgogliosa di annunciare la sua partecipazione come Gold Partner al Puglia Women AI, un evento pionieristico che dar\u00e0 vita a un bootcamp di tre giorni interamente dedicato all&#8217;AI al femminile.<\/p><p><strong>Perch\u00e9 intelligo sostiene Puglia Women AI:<\/strong><\/p><p>Crediamo fermamente nel potenziale dell&#8217;intelligenza artificiale, una tecnologia rivoluzionaria che non possiamo permetterci di ignorare, n\u00e9 come territorio n\u00e9 come paese. La ricerca di talenti in questo campo \u00e8 una nostra priorit\u00e0 e Puglia Women AI ci offre l&#8217;opportunit\u00e0 di individuare e coltivare le future donne leader dell&#8217;AI, contribuendo allo sviluppo di una societ\u00e0 pi\u00f9 innovativa e inclusiva. Promuovere la diversit\u00e0 e l&#8217;inclusione \u00e8 un valore fondamentale per Intelligo: sostenere la partecipazione delle donne nel settore tecnologico \u00e8 un passo avanti verso un futuro pi\u00f9 equo e ricco di opportunit\u00e0 per tutti.<\/p><p><strong>Il nostro ruolo all\u2019interno del bootcamp:<\/strong><\/p><p>In qualit\u00e0 di Gold Partner, avremo un ruolo attivo nel bootcamp, guideremo le partecipanti nel loro percorso di apprendimento, condividendo la nostra esperienza e know-how nel campo dell&#8217;AI e illustreremo l\u2019applicazione concreta che questa tecnologia trova all\u2019interno della nostra startup e delle prospettive di future applicazioni nei diversi settori.<\/p><p><strong>Perch\u00e9 partecipare:<\/strong><\/p><p>Puglia Women AI \u00e8 un&#8217;occasione imperdibile per acquisire le basi dell&#8217;intelligenza artificiale generativa, un&#8217;introduzione completa a questa tecnologia emergente con nozioni teoriche e applicazioni pratiche che offriranno la possibilit\u00e0 di mettere in pratica le conoscenze su software e sistemi all&#8217;avanguardia. Inoltre il bootcamp mette in palio borse di studio per corsi di formazione in AI, un premio per le partecipanti pi\u00f9 meritevoli, che desiderano approfondire le loro conoscenze in questo campo.<\/p><p>Invitiamo tutte le donne interessate a questa straordinaria opportunit\u00e0 a visitare il sito di Puglia Women AI per maggiori informazioni e per iscriversi al bootcamp: <a href=\"https:\/\/pugliawomenlead.com\/prodotto\/puglia-women-ai\/\">https:\/\/pugliawomenlead.com\/prodotto\/puglia-women-ai\/<\/a><\/p><p>Insieme, possiamo costruire un futuro pi\u00f9 inclusivo e innovativo con l&#8217;intelligenza artificiale!<\/p>\t\t\t\t\t\t\t\t<\/div>\n\t\t\t\t<\/div>\n\t\t\t\t<div class=\"elementor-element elementor-element-2604271 elementor-widget elementor-widget-heading\" data-id=\"2604271\" data-element_type=\"widget\" data-e-type=\"widget\" data-widget_type=\"heading.default\">\n\t\t\t\t<div class=\"elementor-widget-container\">\n\t\t\t\t\t<p class=\"elementor-heading-title elementor-size-default\">Scopri di pi\u00f9 sui nostri social<\/p>\t\t\t\t<\/div>\n\t\t\t\t<\/div>\n\t\t\t\t<div class=\"elementor-element elementor-element-a28d311 elementor-shape-circle elementor-grid-0 e-grid-align-center elementor-widget elementor-widget-social-icons\" data-id=\"a28d311\" data-element_type=\"widget\" data-e-type=\"widget\" data-widget_type=\"social-icons.default\">\n\t\t\t\t<div class=\"elementor-widget-container\">\n\t\t\t\t\t\t\t<div class=\"elementor-social-icons-wrapper elementor-grid\" role=\"list\">\n\t\t\t\t\t\t\t<span class=\"elementor-grid-item\" role=\"listitem\">\n\t\t\t\t\t<a class=\"elementor-icon elementor-social-icon elementor-social-icon-linkedin elementor-repeater-item-cb7bb13\" href=\"https:\/\/www.linkedin.com\/company\/intelligo-ai\/about\/\" target=\"_blank\">\n\t\t\t\t\t\t<span class=\"elementor-screen-only\">Linkedin<\/span>\n\t\t\t\t\t\t<svg aria-hidden=\"true\" class=\"e-font-icon-svg e-fab-linkedin\" viewbox=\"0 0 448 512\" xmlns=\"http:\/\/www.w3.org\/2000\/svg\"><path d=\"M416 32H31.9C14.3 32 0 46.5 0 64.3v383.4C0 465.5 14.3 480 31.9 480H416c17.6 0 32-14.5 32-32.3V64.3c0-17.8-14.4-32.3-32-32.3zM135.4 416H69V202.2h66.5V416zm-33.2-243c-21.3 0-38.5-17.3-38.5-38.5S80.9 96 102.2 96c21.2 0 38.5 17.3 38.5 38.5 0 21.3-17.2 38.5-38.5 38.5zm282.1 243h-66.4V312c0-24.8-.5-56.7-34.5-56.7-34.6 0-39.9 27-39.9 54.9V416h-66.4V202.2h63.7v29.2h.9c8.9-16.8 30.6-34.5 62.9-34.5 67.2 0 79.7 44.3 79.7 101.9V416z\"><\/path><\/svg>\t\t\t\t\t<\/a>\n\t\t\t\t<\/span>\n\t\t\t\t\t\t\t<span class=\"elementor-grid-item\" role=\"listitem\">\n\t\t\t\t\t<a class=\"elementor-icon elementor-social-icon elementor-social-icon-facebook elementor-repeater-item-f36ab01\" href=\"https:\/\/www.facebook.com\/intelligoai\" target=\"_blank\">\n\t\t\t\t\t\t<span class=\"elementor-screen-only\">Facebook<\/span>\n\t\t\t\t\t\t<svg aria-hidden=\"true\" class=\"e-font-icon-svg e-fab-facebook\" viewbox=\"0 0 512 512\" xmlns=\"http:\/\/www.w3.org\/2000\/svg\"><path d=\"M504 256C504 119 393 8 256 8S8 119 8 256c0 123.78 90.69 226.38 209.25 245V327.69h-63V256h63v-54.64c0-62.15 37-96.48 93.67-96.48 27.14 0 55.52 4.84 55.52 4.84v61h-31.28c-30.8 0-40.41 19.12-40.41 38.73V256h68.78l-11 71.69h-57.78V501C413.31 482.38 504 379.78 504 256z\"><\/path><\/svg>\t\t\t\t\t<\/a>\n\t\t\t\t<\/span>\n\t\t\t\t\t\t\t<span class=\"elementor-grid-item\" role=\"listitem\">\n\t\t\t\t\t<a class=\"elementor-icon elementor-social-icon elementor-social-icon-instagram elementor-repeater-item-7a9eec8\" href=\"https:\/\/www.instagram.com\/intelligo.ai\" target=\"_blank\">\n\t\t\t\t\t\t<span class=\"elementor-screen-only\">Instagram<\/span>\n\t\t\t\t\t\t<svg aria-hidden=\"true\" class=\"e-font-icon-svg e-fab-instagram\" viewbox=\"0 0 448 512\" xmlns=\"http:\/\/www.w3.org\/2000\/svg\"><path d=\"M224.1 141c-63.6 0-114.9 51.3-114.9 114.9s51.3 114.9 114.9 114.9S339 319.5 339 255.9 287.7 141 224.1 141zm0 189.6c-41.1 0-74.7-33.5-74.7-74.7s33.5-74.7 74.7-74.7 74.7 33.5 74.7 74.7-33.6 74.7-74.7 74.7zm146.4-194.3c0 14.9-12 26.8-26.8 26.8-14.9 0-26.8-12-26.8-26.8s12-26.8 26.8-26.8 26.8 12 26.8 26.8zm76.1 27.2c-1.7-35.9-9.9-67.7-36.2-93.9-26.2-26.2-58-34.4-93.9-36.2-37-2.1-147.9-2.1-184.9 0-35.8 1.7-67.6 9.9-93.9 36.1s-34.4 58-36.2 93.9c-2.1 37-2.1 147.9 0 184.9 1.7 35.9 9.9 67.7 36.2 93.9s58 34.4 93.9 36.2c37 2.1 147.9 2.1 184.9 0 35.9-1.7 67.7-9.9 93.9-36.2 26.2-26.2 34.4-58 36.2-93.9 2.1-37 2.1-147.8 0-184.8zM398.8 388c-7.8 19.6-22.9 34.7-42.6 42.6-29.5 11.7-99.5 9-132.1 9s-102.7 2.6-132.1-9c-19.6-7.8-34.7-22.9-42.6-42.6-11.7-29.5-9-99.5-9-132.1s-2.6-102.7 9-132.1c7.8-19.6 22.9-34.7 42.6-42.6 29.5-11.7 99.5-9 132.1-9s102.7-2.6 132.1 9c19.6 7.8 34.7 22.9 42.6 42.6 11.7 29.5 9 99.5 9 132.1s2.7 102.7-9 132.1z\"><\/path><\/svg>\t\t\t\t\t<\/a>\n\t\t\t\t<\/span>\n\t\t\t\t\t<\/div>\n\t\t\t\t\t\t<\/div>\n\t\t\t\t<\/div>\n\t\t\t\t\t<\/div>\n\t\t\t\t<\/div>\n\t\t\t\t<\/div>","protected":false},"excerpt":{"rendered":"<p>Puglia Woman AI intelligo sar\u00e0 Gold Partner dell\u2019evento Puglia Women AI, il primo bootcamp al femminile dedicato all\u2019intelligenza artificiale Bari, 22-24 Marzo 2024 &#8211; intelligo \u00e8 orgogliosa di annunciare la sua partecipazione come Gold Partner al Puglia Women AI, un evento pionieristico che dar\u00e0 vita a un bootcamp di tre giorni interamente dedicato all&#8217;AI al femminile. Perch\u00e9 intelligo sostiene Puglia Women AI: Crediamo fermamente nel potenziale dell&#8217;intelligenza artificiale, una tecnologia rivoluzionaria che non possiamo permetterci di ignorare, n\u00e9 come territorio n\u00e9 come paese. La ricerca di talenti in questo campo \u00e8 una nostra priorit\u00e0 e Puglia Women AI ci offre l&#8217;opportunit\u00e0 di individuare e coltivare le future donne leader dell&#8217;AI, contribuendo allo sviluppo di una societ\u00e0 pi\u00f9 innovativa e inclusiva. Promuovere la diversit\u00e0 e l&#8217;inclusione \u00e8 un valore fondamentale per Intelligo: sostenere la partecipazione delle donne nel settore tecnologico \u00e8 un passo avanti verso un futuro pi\u00f9 equo e ricco di opportunit\u00e0 per tutti. Il nostro ruolo all\u2019interno del bootcamp: In qualit\u00e0 di Gold Partner, avremo un ruolo attivo nel bootcamp, guideremo le partecipanti nel loro percorso di apprendimento, condividendo la nostra esperienza e know-how nel campo dell&#8217;AI e illustreremo l\u2019applicazione concreta che questa tecnologia trova all\u2019interno della nostra startup e delle prospettive di future applicazioni nei diversi settori. Perch\u00e9 partecipare: Puglia Women AI \u00e8 un&#8217;occasione imperdibile per acquisire le basi dell&#8217;intelligenza artificiale generativa, un&#8217;introduzione completa a questa tecnologia emergente con nozioni teoriche e applicazioni pratiche che offriranno la possibilit\u00e0 di mettere in pratica le conoscenze su software e sistemi all&#8217;avanguardia. Inoltre il bootcamp mette in palio borse di studio per corsi di formazione in AI, un premio per le partecipanti pi\u00f9 meritevoli, che desiderano approfondire le loro conoscenze in questo campo. Invitiamo tutte le donne interessate a questa straordinaria opportunit\u00e0 a visitare il sito di Puglia Women AI per maggiori informazioni e per iscriversi al bootcamp: https:\/\/pugliawomenlead.com\/prodotto\/puglia-women-ai\/ Insieme, possiamo costruire un futuro pi\u00f9 inclusivo e innovativo con l&#8217;intelligenza artificiale! Scopri di pi\u00f9 sui nostri social Linkedin Facebook Instagram<\/p>","protected":false},"author":2,"featured_media":0,"parent":0,"menu_order":0,"comment_status":"closed","ping_status":"closed","template":"","meta":{"site-sidebar-layout":"no-sidebar","site-content-layout":"","ast-site-content-layout":"full-width-container","site-content-style":"default","site-sidebar-style":"default","ast-global-header-display":"","ast-banner-title-visibility":"","ast-main-header-display":"","ast-hfb-above-header-display":"","ast-hfb-below-header-display":"","ast-hfb-mobile-header-display":"","site-post-title":"disabled","ast-breadcrumbs-content":"","ast-featured-img":"disabled","footer-sml-layout":"","ast-disable-related-posts":"","theme-transparent-header-meta":"default","adv-header-id-meta":"","stick-header-meta":"","header-above-stick-meta":"","header-main-stick-meta":"","header-below-stick-meta":"","astra-migrate-meta-layouts":"set","ast-page-background-enabled":"default","ast-page-background-meta":{"desktop":{"background-color":"var(--ast-global-color-4)","background-image":"","background-repeat":"repeat","background-position":"center center","background-size":"auto","background-attachment":"scroll","background-type":"","background-media":"","overlay-type":"","overlay-color":"","overlay-opacity":"","overlay-gradient":""},"tablet":{"background-color":"","background-image":"","background-repeat":"repeat","background-position":"center center","background-size":"auto","background-attachment":"scroll","background-type":"","background-media":"","overlay-type":"","overlay-color":"","overlay-opacity":"","overlay-gradient":""},"mobile":{"background-color":"","background-image":"","background-repeat":"repeat","background-position":"center center","background-size":"auto","background-attachment":"scroll","background-type":"","background-media":"","overlay-type":"","overlay-color":"","overlay-opacity":"","overlay-gradient":""}},"ast-content-background-meta":{"desktop":{"background-color":"var(--ast-global-color-5)","background-image":"","background-repeat":"repeat","background-position":"center center","background-size":"auto","background-attachment":"scroll","background-type":"","background-media":"","overlay-type":"","overlay-color":"","overlay-opacity":"","overlay-gradient":""},"tablet":{"background-color":"var(--ast-global-color-5)","background-image":"","background-repeat":"repeat","background-position":"center center","background-size":"auto","background-attachment":"scroll","background-type":"","background-media":"","overlay-type":"","overlay-color":"","overlay-opacity":"","overlay-gradient":""},"mobile":{"background-color":"var(--ast-global-color-5)","background-image":"","background-repeat":"repeat","background-position":"center center","background-size":"auto","background-attachment":"scroll","background-type":"","background-media":"","overlay-type":"","overlay-color":"","overlay-opacity":"","overlay-gradient":""}},"footnotes":""},"class_list":["post-1655","page","type-page","status-publish","hentry"],"yoast_head":"<!-- This site is optimized with the Yoast SEO plugin v27.2 - https:\/\/yoast.com\/product\/yoast-seo-wordpress\/ -->\n<title>Puglia Woman AI - intelligo<\/title>\n<meta name=\"description\" content=\"Unisciti a Intelligo al Puglia Women AI a Bari, 22-24 Marzo: un bootcamp sull&#039;AI al femminile. Esplora l&#039;intelligenza artificiale e diventa una leader del futuro. Insieme per innovazione e uguaglianza.\" \/>\n<meta name=\"robots\" content=\"index, follow, max-snippet:-1, max-image-preview:large, max-video-preview:-1\" \/>\n<link rel=\"canonical\" href=\"https:\/\/www.intelligo.it\/en\/puglia-woman-ai\/\" \/>\n<meta property=\"og:locale\" content=\"en_US\" \/>\n<meta property=\"og:type\" content=\"article\" \/>\n<meta property=\"og:title\" content=\"Puglia Woman AI - intelligo\" \/>\n<meta property=\"og:description\" content=\"Unisciti a Intelligo al Puglia Women AI a Bari, 22-24 Marzo: un bootcamp sull&#039;AI al femminile. Esplora l&#039;intelligenza artificiale e diventa una leader del futuro. Insieme per innovazione e uguaglianza.\" \/>\n<meta property=\"og:url\" content=\"https:\/\/www.intelligo.it\/en\/puglia-woman-ai\/\" \/>\n<meta property=\"og:site_name\" content=\"intelligo\" \/>\n<meta property=\"article:publisher\" content=\"https:\/\/www.facebook.com\/profile.php?id=61557235921225\" \/>\n<meta property=\"article:modified_time\" content=\"2024-06-11T10:11:00+00:00\" \/>\n<meta property=\"og:image\" content=\"https:\/\/www.intelligo.it\/wp-content\/uploads\/2024\/03\/Puglia-AI-day.png\" \/>\n<meta name=\"twitter:card\" content=\"summary_large_image\" \/>\n<meta name=\"twitter:label1\" content=\"Est. reading time\" \/>\n\t<meta name=\"twitter:data1\" content=\"2 minutes\" \/>\n<script type=\"application\/ld+json\" class=\"yoast-schema-graph\">{\"@context\":\"https:\/\/schema.org\",\"@graph\":[{\"@type\":\"WebPage\",\"@id\":\"https:\/\/www.intelligo.it\/puglia-woman-ai\/\",\"url\":\"https:\/\/www.intelligo.it\/puglia-woman-ai\/\",\"name\":\"Puglia Woman AI - intelligo\",\"isPartOf\":{\"@id\":\"https:\/\/www.intelligo.it\/#website\"},\"primaryImageOfPage\":{\"@id\":\"https:\/\/www.intelligo.it\/puglia-woman-ai\/#primaryimage\"},\"image\":{\"@id\":\"https:\/\/www.intelligo.it\/puglia-woman-ai\/#primaryimage\"},\"thumbnailUrl\":\"https:\/\/www.intelligo.it\/wp-content\/uploads\/2024\/03\/Puglia-AI-day.png\",\"datePublished\":\"2024-03-22T17:12:18+00:00\",\"dateModified\":\"2024-06-11T10:11:00+00:00\",\"description\":\"Unisciti a Intelligo al Puglia Women AI a Bari, 22-24 Marzo: un bootcamp sull'AI al femminile. Esplora l'intelligenza artificiale e diventa una leader del futuro. Insieme per innovazione e uguaglianza.\",\"breadcrumb\":{\"@id\":\"https:\/\/www.intelligo.it\/puglia-woman-ai\/#breadcrumb\"},\"inLanguage\":\"en-US\",\"potentialAction\":[{\"@type\":\"ReadAction\",\"target\":[\"https:\/\/www.intelligo.it\/puglia-woman-ai\/\"]}]},{\"@type\":\"ImageObject\",\"inLanguage\":\"en-US\",\"@id\":\"https:\/\/www.intelligo.it\/puglia-woman-ai\/#primaryimage\",\"url\":\"https:\/\/www.intelligo.it\/wp-content\/uploads\/2024\/03\/Puglia-AI-day.png\",\"contentUrl\":\"https:\/\/www.intelligo.it\/wp-content\/uploads\/2024\/03\/Puglia-AI-day.png\"},{\"@type\":\"BreadcrumbList\",\"@id\":\"https:\/\/www.intelligo.it\/puglia-woman-ai\/#breadcrumb\",\"itemListElement\":[{\"@type\":\"ListItem\",\"position\":1,\"name\":\"Home\",\"item\":\"https:\/\/www.intelligo.it\/\"},{\"@type\":\"ListItem\",\"position\":2,\"name\":\"Puglia Woman AI\"}]},{\"@type\":\"WebSite\",\"@id\":\"https:\/\/www.intelligo.it\/#website\",\"url\":\"https:\/\/www.intelligo.it\/\",\"name\":\"intelligo\",\"description\":\"intelligo\",\"publisher\":{\"@id\":\"https:\/\/www.intelligo.it\/#organization\"},\"potentialAction\":[{\"@type\":\"SearchAction\",\"target\":{\"@type\":\"EntryPoint\",\"urlTemplate\":\"https:\/\/www.intelligo.it\/?s={search_term_string}\"},\"query-input\":{\"@type\":\"PropertyValueSpecification\",\"valueRequired\":true,\"valueName\":\"search_term_string\"}}],\"inLanguage\":\"en-US\"},{\"@type\":\"Organization\",\"@id\":\"https:\/\/www.intelligo.it\/#organization\",\"name\":\"intelligo\",\"url\":\"https:\/\/www.intelligo.it\/\",\"logo\":{\"@type\":\"ImageObject\",\"inLanguage\":\"en-US\",\"@id\":\"https:\/\/www.intelligo.it\/#\/schema\/logo\/image\/\",\"url\":\"https:\/\/www.intelligo.it\/wp-content\/uploads\/2024\/03\/logo.jpg\",\"contentUrl\":\"https:\/\/www.intelligo.it\/wp-content\/uploads\/2024\/03\/logo.jpg\",\"width\":820,\"height\":312,\"caption\":\"intelligo\"},\"image\":{\"@id\":\"https:\/\/www.intelligo.it\/#\/schema\/logo\/image\/\"},\"sameAs\":[\"https:\/\/www.facebook.com\/profile.php?id=61557235921225\"]}]}<\/script>\n<!-- \/ Yoast SEO plugin. -->","yoast_head_json":{"title":"Puglia Woman AI - intelligo","description":"Unisciti a Intelligo al Puglia Women AI a Bari, 22-24 Marzo: un bootcamp sull'AI al femminile. Esplora l'intelligenza artificiale e diventa una leader del futuro. Insieme per innovazione e uguaglianza.","robots":{"index":"index","follow":"follow","max-snippet":"max-snippet:-1","max-image-preview":"max-image-preview:large","max-video-preview":"max-video-preview:-1"},"canonical":"https:\/\/www.intelligo.it\/en\/puglia-woman-ai\/","og_locale":"en_US","og_type":"article","og_title":"Puglia Woman AI - intelligo","og_description":"Unisciti a Intelligo al Puglia Women AI a Bari, 22-24 Marzo: un bootcamp sull'AI al femminile. Esplora l'intelligenza artificiale e diventa una leader del futuro. Insieme per innovazione e uguaglianza.","og_url":"https:\/\/www.intelligo.it\/en\/puglia-woman-ai\/","og_site_name":"intelligo","article_publisher":"https:\/\/www.facebook.com\/profile.php?id=61557235921225","article_modified_time":"2024-06-11T10:11:00+00:00","og_image":[{"url":"https:\/\/www.intelligo.it\/wp-content\/uploads\/2024\/03\/Puglia-AI-day.png","type":"","width":"","height":""}],"twitter_card":"summary_large_image","twitter_misc":{"Est. reading time":"2 minutes"},"schema":{"@context":"https:\/\/schema.org","@graph":[{"@type":"WebPage","@id":"https:\/\/www.intelligo.it\/puglia-woman-ai\/","url":"https:\/\/www.intelligo.it\/puglia-woman-ai\/","name":"Puglia Woman AI - intelligo","isPartOf":{"@id":"https:\/\/www.intelligo.it\/#website"},"primaryImageOfPage":{"@id":"https:\/\/www.intelligo.it\/puglia-woman-ai\/#primaryimage"},"image":{"@id":"https:\/\/www.intelligo.it\/puglia-woman-ai\/#primaryimage"},"thumbnailUrl":"https:\/\/www.intelligo.it\/wp-content\/uploads\/2024\/03\/Puglia-AI-day.png","datePublished":"2024-03-22T17:12:18+00:00","dateModified":"2024-06-11T10:11:00+00:00","description":"Unisciti a Intelligo al Puglia Women AI a Bari, 22-24 Marzo: un bootcamp sull'AI al femminile. Esplora l'intelligenza artificiale e diventa una leader del futuro. Insieme per innovazione e uguaglianza.","breadcrumb":{"@id":"https:\/\/www.intelligo.it\/puglia-woman-ai\/#breadcrumb"},"inLanguage":"en-US","potentialAction":[{"@type":"ReadAction","target":["https:\/\/www.intelligo.it\/puglia-woman-ai\/"]}]},{"@type":"ImageObject","inLanguage":"en-US","@id":"https:\/\/www.intelligo.it\/puglia-woman-ai\/#primaryimage","url":"https:\/\/www.intelligo.it\/wp-content\/uploads\/2024\/03\/Puglia-AI-day.png","contentUrl":"https:\/\/www.intelligo.it\/wp-content\/uploads\/2024\/03\/Puglia-AI-day.png"},{"@type":"BreadcrumbList","@id":"https:\/\/www.intelligo.it\/puglia-woman-ai\/#breadcrumb","itemListElement":[{"@type":"ListItem","position":1,"name":"Home","item":"https:\/\/www.intelligo.it\/"},{"@type":"ListItem","position":2,"name":"Puglia Woman AI"}]},{"@type":"WebSite","@id":"https:\/\/www.intelligo.it\/#website","url":"https:\/\/www.intelligo.it\/","name":"intelligo","description":"intelligo","publisher":{"@id":"https:\/\/www.intelligo.it\/#organization"},"potentialAction":[{"@type":"SearchAction","target":{"@type":"EntryPoint","urlTemplate":"https:\/\/www.intelligo.it\/?s={search_term_string}"},"query-input":{"@type":"PropertyValueSpecification","valueRequired":true,"valueName":"search_term_string"}}],"inLanguage":"en-US"},{"@type":"Organization","@id":"https:\/\/www.intelligo.it\/#organization","name":"intelligo","url":"https:\/\/www.intelligo.it\/","logo":{"@type":"ImageObject","inLanguage":"en-US","@id":"https:\/\/www.intelligo.it\/#\/schema\/logo\/image\/","url":"https:\/\/www.intelligo.it\/wp-content\/uploads\/2024\/03\/logo.jpg","contentUrl":"https:\/\/www.intelligo.it\/wp-content\/uploads\/2024\/03\/logo.jpg","width":820,"height":312,"caption":"intelligo"},"image":{"@id":"https:\/\/www.intelligo.it\/#\/schema\/logo\/image\/"},"sameAs":["https:\/\/www.facebook.com\/profile.php?id=61557235921225"]}]}},"_links":{"self":[{"href":"https:\/\/www.intelligo.it\/en\/wp-json\/wp\/v2\/pages\/1655","targetHints":{"allow":["GET"]}}],"collection":[{"href":"https:\/\/www.intelligo.it\/en\/wp-json\/wp\/v2\/pages"}],"about":[{"href":"https:\/\/www.intelligo.it\/en\/wp-json\/wp\/v2\/types\/page"}],"author":[{"embeddable":true,"href":"https:\/\/www.intelligo.it\/en\/wp-json\/wp\/v2\/users\/2"}],"replies":[{"embeddable":true,"href":"https:\/\/www.intelligo.it\/en\/wp-json\/wp\/v2\/comments?post=1655"}],"version-history":[{"count":32,"href":"https:\/\/www.intelligo.it\/en\/wp-json\/wp\/v2\/pages\/1655\/revisions"}],"predecessor-version":[{"id":1844,"href":"https:\/\/www.intelligo.it\/en\/wp-json\/wp\/v2\/pages\/1655\/revisions\/1844"}],"wp:attachment":[{"href":"https:\/\/www.intelligo.it\/en\/wp-json\/wp\/v2\/media?parent=1655"}],"curies":[{"name":"wp","href":"https:\/\/api.w.org\/{rel}","templated":true}]}}